{"id":2338,"date":"2022-04-13T15:51:53","date_gmt":"2022-04-13T13:51:53","guid":{"rendered":"https:\/\/masson-reunis.fr\/?page_id=2338"},"modified":"2024-04-12T10:54:20","modified_gmt":"2024-04-12T08:54:20","slug":"la-rue-grand-pere-en-images","status":"publish","type":"page","link":"https:\/\/masson-reunis.fr\/index.php\/la-rue-grand-pere\/la-rue-grand-pere-en-images\/","title":{"rendered":"La rue Grand-P\u00e8re en images"},"content":{"rendered":"\n<h4 class=\"wp-block-heading\">d&rsquo;apr\u00e8s collections divers &#8211; quelques explications &#8230;<\/h4>\n\n\n<div class=\"wp-block-image\">\n<figure class=\"aligncenter size-full\"><img loading=\"lazy\" decoding=\"async\" width=\"480\" height=\"562\" src=\"https:\/\/masson-reunis.fr\/wp-content\/uploads\/2022\/04\/fax_idoneis_fr_20071230_175511_008_3.jpg\" alt=\"\" class=\"wp-image-2339\" srcset=\"https:\/\/masson-reunis.fr\/wp-content\/uploads\/2022\/04\/fax_idoneis_fr_20071230_175511_008_3.jpg 480w, https:\/\/masson-reunis.fr\/wp-content\/uploads\/2022\/04\/fax_idoneis_fr_20071230_175511_008_3-256x300.jpg 256w\" sizes=\"auto, (max-width: 480px) 100vw, 480px\" \/><figcaption class=\"wp-element-caption\">Roger Simonet, Suzanne et Grand-M\u00e8re F\u00e9licie \u00e0 l&rsquo;entr\u00e9e du 16 rue Neuve, Neufch\u00e2teau.<\/figcaption><\/figure>\n<\/div>\n\n\n<figure class=\"wp-block-image size-full\"><img loading=\"lazy\" decoding=\"async\" width=\"640\" height=\"444\" src=\"https:\/\/masson-reunis.fr\/wp-content\/uploads\/2022\/04\/fax_idoneis_fr_20071230_175511_008_4.jpg\" alt=\"\" class=\"wp-image-2340\" srcset=\"https:\/\/masson-reunis.fr\/wp-content\/uploads\/2022\/04\/fax_idoneis_fr_20071230_175511_008_4.jpg 640w, https:\/\/masson-reunis.fr\/wp-content\/uploads\/2022\/04\/fax_idoneis_fr_20071230_175511_008_4-300x208.jpg 300w\" sizes=\"auto, (max-width: 640px) 100vw, 640px\" \/><figcaption class=\"wp-element-caption\">Philippe Simonet et Grand-M\u00e8re F\u00e9licie, au bout du jardin, partie haute devant la balustrade en pierre, en arri\u00e8re plan le frontispice de la caserne des pompiers (rue Sainte-Marie), et au fond, le Meurger. On peut apercevoir aussi la vigne contre le mur \u00e0 G. (vers 1948)<\/figcaption><\/figure>\n\n\n\n<figure class=\"wp-block-image size-full\"><img loading=\"lazy\" decoding=\"async\" width=\"383\" height=\"365\" src=\"https:\/\/masson-reunis.fr\/wp-content\/uploads\/2022\/04\/fax_idoneis_fr_20071230_175511_013_1.jpg\" alt=\"\" class=\"wp-image-2341\" srcset=\"https:\/\/masson-reunis.fr\/wp-content\/uploads\/2022\/04\/fax_idoneis_fr_20071230_175511_013_1.jpg 383w, https:\/\/masson-reunis.fr\/wp-content\/uploads\/2022\/04\/fax_idoneis_fr_20071230_175511_013_1-300x286.jpg 300w\" sizes=\"auto, (max-width: 383px) 100vw, 383px\" \/><figcaption class=\"wp-element-caption\">Grand-P\u00e8re Charles et Suzanne.<\/figcaption><\/figure>\n\n\n\n<figure class=\"wp-block-image size-full\"><img loading=\"lazy\" decoding=\"async\" width=\"303\" height=\"329\" src=\"https:\/\/masson-reunis.fr\/wp-content\/uploads\/2022\/04\/fax_idoneis_fr_20071230_175511_013_3.jpg\" alt=\"\" class=\"wp-image-2342\" srcset=\"https:\/\/masson-reunis.fr\/wp-content\/uploads\/2022\/04\/fax_idoneis_fr_20071230_175511_013_3.jpg 303w, https:\/\/masson-reunis.fr\/wp-content\/uploads\/2022\/04\/fax_idoneis_fr_20071230_175511_013_3-276x300.jpg 276w\" sizes=\"auto, (max-width: 303px) 100vw, 303px\" \/><figcaption class=\"wp-element-caption\">Grand-P\u00e8re Charles et les jumeaux Jean-Fran\u00e7ois et Jean-Marie.<\/figcaption><\/figure>\n\n\n\n<figure class=\"wp-block-image size-full is-resized\"><img loading=\"lazy\" decoding=\"async\" width=\"582\" height=\"387\" src=\"https:\/\/masson-reunis.fr\/wp-content\/uploads\/2022\/04\/fax_idoneis_fr_20071230_175511_013_5.jpg\" alt=\"\" class=\"wp-image-2343\" style=\"width:582px;height:387px\" srcset=\"https:\/\/masson-reunis.fr\/wp-content\/uploads\/2022\/04\/fax_idoneis_fr_20071230_175511_013_5.jpg 582w, https:\/\/masson-reunis.fr\/wp-content\/uploads\/2022\/04\/fax_idoneis_fr_20071230_175511_013_5-300x199.jpg 300w\" sizes=\"auto, (max-width: 582px) 100vw, 582px\" \/><figcaption class=\"wp-element-caption\">Assises sur le banc, au m\u00eame endroit, Suzanne, Philippe, Grand-M\u00e8re F\u00e9licie et sur la balustrade deux gar\u00e7ons, Jean et Georges ; debout Roger Simonet (?), Jean Renard un peu de profil, et Andr\u00e9e, dans le Landeau Nicole ; 1927 : Les deux premiers petits enfants de Grand-P\u00e8re et Grand-M\u00e8re.<\/figcaption><\/figure>\n\n\n\n<div data-wp-interactive=\"core\/file\" class=\"wp-block-file\"><object data-wp-bind--hidden=\"!state.hasPdfPreview\" hidden class=\"wp-block-file__embed\" data=\"https:\/\/masson-reunis.fr\/wp-content\/uploads\/2022\/04\/croquis-16-rue-Neuve.pdf\" type=\"application\/pdf\" style=\"width:100%;height:600px\" aria-label=\"Contenu embarqu\u00e9 croquis 16 rue Neuve.\"><\/object><a id=\"wp-block-file--media-3be940ce-cfc8-4d75-926d-f613337c5f7d\" href=\"https:\/\/masson-reunis.fr\/wp-content\/uploads\/2022\/04\/croquis-16-rue-Neuve.pdf\">croquis 16 rue Neuve<\/a><a href=\"https:\/\/masson-reunis.fr\/wp-content\/uploads\/2022\/04\/croquis-16-rue-Neuve.pdf\" class=\"wp-block-file__button wp-element-button\" download aria-describedby=\"wp-block-file--media-3be940ce-cfc8-4d75-926d-f613337c5f7d\">T\u00e9l\u00e9charger<\/a><\/div>\n\n\n\n<figure class=\"wp-block-image size-full\"><img loading=\"lazy\" decoding=\"async\" width=\"640\" height=\"461\" src=\"https:\/\/masson-reunis.fr\/wp-content\/uploads\/2022\/04\/sc00096a13.jpg\" alt=\"\" class=\"wp-image-2344\" srcset=\"https:\/\/masson-reunis.fr\/wp-content\/uploads\/2022\/04\/sc00096a13.jpg 640w, https:\/\/masson-reunis.fr\/wp-content\/uploads\/2022\/04\/sc00096a13-300x216.jpg 300w\" sizes=\"auto, (max-width: 640px) 100vw, 640px\" \/><figcaption class=\"wp-element-caption\">La Famille Charles Brutus Roy et F\u00e9licie Masson, en s\u00e9pia, les enfants de G \u00e0 D Jean, Georges, Violette, Madeleine, Pierre, Andr\u00e9e et Suzanne, \u00e0 Neufch\u00e2teau en 1920.<\/figcaption><\/figure>\n\n\n\n<figure class=\"wp-block-image size-full\"><img loading=\"lazy\" decoding=\"async\" width=\"455\" height=\"640\" src=\"https:\/\/masson-reunis.fr\/wp-content\/uploads\/2022\/04\/0324EB6A-6F85-4906-9054-06D062DB4317.jpeg\" alt=\"\" class=\"wp-image-2409\" srcset=\"https:\/\/masson-reunis.fr\/wp-content\/uploads\/2022\/04\/0324EB6A-6F85-4906-9054-06D062DB4317.jpeg 455w, https:\/\/masson-reunis.fr\/wp-content\/uploads\/2022\/04\/0324EB6A-6F85-4906-9054-06D062DB4317-213x300.jpeg 213w\" sizes=\"auto, (max-width: 455px) 100vw, 455px\" \/><figcaption class=\"wp-element-caption\">Suzanne,  Madeleine, Andr\u00e9e et Pierre, vers 1910 \u00e0 Lun\u00e9ville.<\/figcaption><\/figure>\n\n\n\n<figure class=\"wp-block-image alignwide size-large\"><img loading=\"lazy\" decoding=\"async\" width=\"1024\" height=\"724\" src=\"https:\/\/masson-reunis.fr\/wp-content\/uploads\/2022\/02\/1-Photo-de-famille-MR1-3-1024x724.jpg\" alt=\"\" class=\"wp-image-543\" srcset=\"https:\/\/masson-reunis.fr\/wp-content\/uploads\/2022\/02\/1-Photo-de-famille-MR1-3-1024x724.jpg 1024w, https:\/\/masson-reunis.fr\/wp-content\/uploads\/2022\/02\/1-Photo-de-famille-MR1-3-300x212.jpg 300w, https:\/\/masson-reunis.fr\/wp-content\/uploads\/2022\/02\/1-Photo-de-famille-MR1-3-768x543.jpg 768w, https:\/\/masson-reunis.fr\/wp-content\/uploads\/2022\/02\/1-Photo-de-famille-MR1-3-1536x1086.jpg 1536w, https:\/\/masson-reunis.fr\/wp-content\/uploads\/2022\/02\/1-Photo-de-famille-MR1-3-2048x1448.jpg 2048w, https:\/\/masson-reunis.fr\/wp-content\/uploads\/2022\/02\/1-Photo-de-famille-MR1-3-1200x849.jpg 1200w, https:\/\/masson-reunis.fr\/wp-content\/uploads\/2022\/02\/1-Photo-de-famille-MR1-3-1980x1400.jpg 1980w\" sizes=\"auto, (max-width: 1024px) 100vw, 1024px\" \/><\/figure>\n\n\n\n<p>LEGENDE DE LA PHOTO (Dominique Roy, puissamment aid\u00e9 de plusieurs a\u00een\u00e9s, 2022)<\/p>\n\n\n\n<p>SOURCE DES INFORMATIONS&nbsp;: MICHEL RENARD POUR LA PHOTO,<br>MANETTE ROY-NEYRINCK ET ELISABETH  DAUPHIN-GANAYE POUR LES NOMS<\/p>\n\n\n\n<p>Les sept adultes en haut de la photo, de gauche \u00e0 droite&nbsp;:<br>Georges ROY (1915), m\u00e9decin, \u00e9pousera Simone BODENREIDER (absente sur la photo)<br>Robert BEASSE (1906), ing\u00e9nieur chez Philips \u00e9poux de Madeleine ROY<br>Pierre ROY (1906), fils de Charles, commandant de sous marin<br>Charles ROY (1873), MR Neufch\u00e2teau, p\u00e8re de Suzanne, Andr\u00e9e,Pierre, Madeleine,Georges, Jean, sera maire de NEUCHATEAU par int\u00e9rim de 1944 \u00e0 1945. <br>Roger SIMONET (1891), officier dans les chasseurs \u00e0 pied, \u00e9poux de Suzanne ROY<br>Jean ROY (1917), sera fait prisonnier de guerre peu apr\u00e8s cette photo, \u00e9pousera Madeleine BARBU (absente sur la photo)<br>Jean RENARD (1898), MR de Nancy, \u00e9poux de Andr\u00e9e ROY<\/p>\n\n\n\n<p>Jeune \u00e0 gauche&nbsp;: Michel RENARD, fils de Jean RENARD<\/p>\n\n\n\n<p>Trois dames assises \u00e0 gauche, de gauche \u00e0 droite :<br>Andr\u00e9e ROY-RENARD (1902), \u00e9pouse de Jean RENARD. Sur ses genoux, Martine RENARD (1936)<br>F\u00e9licie MASSON-ROY (1875), \u00e9pouse de Charles ROY<br>Madeleine ROY-BEASSE (1907), \u00e9pouse de Robert BEASSE<\/p>\n\n\n\n<p>Trois dames assises \u00e0 droite, de gauche \u00e0 droite :<br>Suzanne ROY-SIMONET (1901)<br>Marthe GRANDPIERRE-ROY (1906)<br>Madame BEASSE, m\u00e8re de Robert BEASSE<\/p>\n\n\n\n<p>Jeune \u00e0 droite&nbsp;: Philippe SIMONET (1925). A quitt\u00e9 la pr\u00eatrise (ou plut\u00f4t le s\u00e9minaire, je n&rsquo;ai jamais entendu parler d&rsquo;ordination, dans la famille \u00e7a se saurait NDLR) pour \u00e9pouser Fran\u00e7oise DEMANGEL<\/p>\n\n\n\n<p>Groupe de huit jeunes ou enfants, au centre de la photo&nbsp;:<br>Jeune fille entre Pierre et Charles ROY&nbsp;: Christiane SIMONET (1927)<br>Jeune fille entre Charles ROY&nbsp;et Roger SIMONET&nbsp;: Nicole RENARD (1926)<br>Trois jeunes \u00e0 la m\u00eame hauteur, entre Madeleine BEASSE et Suzane SIMONET, de gauche \u00e0 droite&nbsp;:<br>Fran\u00e7oise RENARD (1932)<br>G\u00e9rard SIMONET (1931)<br>Christian ROY (1933)<br>Trois tr\u00e8s jeunes tout en bas, de gauche \u00e0 droite&nbsp;:<br>JM ROY (1934)<\/p>\n\n\n\n<p>Chantal B\u00e9asse  (1935)<br>JF ROY (1934)<\/p>\n\n\n\n<h5 class=\"wp-block-heading has-text-align-center\">Jean et Madeleine Roy, fianc\u00e9s (1946)<\/h5>\n\n\n\n<p>Coll Marie-Odile NADLER ROY<\/p>\n\n\n\n<div data-wp-interactive=\"core\/file\" class=\"wp-block-file\"><object data-wp-bind--hidden=\"!state.hasPdfPreview\" hidden class=\"wp-block-file__embed\" data=\"https:\/\/masson-reunis.fr\/wp-content\/uploads\/2023\/06\/Phots-parents.pdf\" type=\"application\/pdf\" style=\"width:100%;height:770px\" aria-label=\"Contenu embarqu\u00e9 Phots parents.\"><\/object><a id=\"wp-block-file--media-42303ff2-4b45-4e58-a0fe-2788fed287d6\" href=\"https:\/\/masson-reunis.fr\/wp-content\/uploads\/2023\/06\/Phots-parents.pdf\">Phots parents<\/a><a href=\"https:\/\/masson-reunis.fr\/wp-content\/uploads\/2023\/06\/Phots-parents.pdf\" class=\"wp-block-file__button wp-element-button\" download aria-describedby=\"wp-block-file--media-42303ff2-4b45-4e58-a0fe-2788fed287d6\">T\u00e9l\u00e9charger<\/a><\/div>\n\n\n\n<p>Jean ROY et Madeleine BARBU fianc\u00e9s, devant la balustrade et divers<\/p>\n\n\n\n<figure class=\"wp-block-image alignwide size-large is-style-rounded\"><img loading=\"lazy\" decoding=\"async\" width=\"1024\" height=\"768\" src=\"https:\/\/masson-reunis.fr\/wp-content\/uploads\/2024\/04\/famille_roy_1937-1024x768.jpeg\" alt=\"Famille ROY - Neufch\u00e2teau - 1937 \" class=\"wp-image-4599\" srcset=\"https:\/\/masson-reunis.fr\/wp-content\/uploads\/2024\/04\/famille_roy_1937-1024x768.jpeg 1024w, https:\/\/masson-reunis.fr\/wp-content\/uploads\/2024\/04\/famille_roy_1937-300x225.jpeg 300w, https:\/\/masson-reunis.fr\/wp-content\/uploads\/2024\/04\/famille_roy_1937-768x576.jpeg 768w, https:\/\/masson-reunis.fr\/wp-content\/uploads\/2024\/04\/famille_roy_1937-1200x900.jpeg 1200w, https:\/\/masson-reunis.fr\/wp-content\/uploads\/2024\/04\/famille_roy_1937.jpeg 1536w\" sizes=\"auto, (max-width: 1024px) 100vw, 1024px\" \/><\/figure>\n\n\n\n<figure class=\"wp-block-image alignwide size-large\"><img loading=\"lazy\" decoding=\"async\" width=\"1024\" height=\"768\" src=\"https:\/\/masson-reunis.fr\/wp-content\/uploads\/2024\/04\/famille_roy_1920-1024x768.jpeg\" alt=\"\" class=\"wp-image-4600\" srcset=\"https:\/\/masson-reunis.fr\/wp-content\/uploads\/2024\/04\/famille_roy_1920-1024x768.jpeg 1024w, https:\/\/masson-reunis.fr\/wp-content\/uploads\/2024\/04\/famille_roy_1920-300x225.jpeg 300w, https:\/\/masson-reunis.fr\/wp-content\/uploads\/2024\/04\/famille_roy_1920-768x576.jpeg 768w, https:\/\/masson-reunis.fr\/wp-content\/uploads\/2024\/04\/famille_roy_1920-1200x900.jpeg 1200w, https:\/\/masson-reunis.fr\/wp-content\/uploads\/2024\/04\/famille_roy_1920.jpeg 1536w\" sizes=\"auto, (max-width: 1024px) 100vw, 1024px\" \/><\/figure>\n","protected":false},"excerpt":{"rendered":"<p>d&rsquo;apr\u00e8s collections divers &#8211; quelques explications &#8230; LEGENDE DE LA PHOTO (Dominique Roy, puissamment aid\u00e9 de plusieurs a\u00een\u00e9s, 2022) SOURCE DES INFORMATIONS&nbsp;: MICHEL RENARD POUR LA PHOTO,MANETTE ROY-NEYRINCK ET ELISABETH [&hellip;]<\/p>\n","protected":false},"author":1,"featured_media":0,"parent":63,"menu_order":0,"comment_status":"closed","ping_status":"closed","template":"","meta":{"footnotes":""},"class_list":["post-2338","page","type-page","status-publish","hentry"],"_links":{"self":[{"href":"https:\/\/masson-reunis.fr\/index.php\/wp-json\/wp\/v2\/pages\/2338","targetHints":{"allow":["GET"]}}],"collection":[{"href":"https:\/\/masson-reunis.fr\/index.php\/wp-json\/wp\/v2\/pages"}],"about":[{"href":"https:\/\/masson-reunis.fr\/index.php\/wp-json\/wp\/v2\/types\/page"}],"author":[{"embeddable":true,"href":"https:\/\/masson-reunis.fr\/index.php\/wp-json\/wp\/v2\/users\/1"}],"replies":[{"embeddable":true,"href":"https:\/\/masson-reunis.fr\/index.php\/wp-json\/wp\/v2\/comments?post=2338"}],"version-history":[{"count":45,"href":"https:\/\/masson-reunis.fr\/index.php\/wp-json\/wp\/v2\/pages\/2338\/revisions"}],"predecessor-version":[{"id":4602,"href":"https:\/\/masson-reunis.fr\/index.php\/wp-json\/wp\/v2\/pages\/2338\/revisions\/4602"}],"up":[{"embeddable":true,"href":"https:\/\/masson-reunis.fr\/index.php\/wp-json\/wp\/v2\/pages\/63"}],"wp:attachment":[{"href":"https:\/\/masson-reunis.fr\/index.php\/wp-json\/wp\/v2\/media?parent=2338"}],"curies":[{"name":"wp","href":"https:\/\/api.w.org\/{rel}","templated":true}]}}